{"id":765,"date":"2026-02-08T23:49:54","date_gmt":"2026-02-08T22:49:54","guid":{"rendered":"https:\/\/hotelamphitheatre.fr\/evenements-privatisation\/"},"modified":"2026-02-19T04:32:23","modified_gmt":"2026-02-19T03:32:23","slug":"events-groups","status":"publish","type":"page","link":"https:\/\/hotelamphitheatre.fr\/en\/events-groups\/","title":{"rendered":"Events \/ Groups"},"content":{"rendered":"<div class=\"wpb-content-wrapper\"><p>[vc_row][vc_column width=&#8221;1\/6&#8243;][\/vc_column][vc_column width=&#8221;2\/3&#8243;]<div class=\"ult-spacer spacer-69e05fd39af11\" data-id=\"69e05fd39af11\" data-height=\"100\" data-height-mobile=\"50\" data-height-tab=\"\" data-height-tab-portrait=\"\" data-height-mobile-landscape=\"\" style=\"clear:both;display:block;\"><\/div>[vc_custom_heading text=&#8221;H\u00f4tel de l&#8217;Amphith\u00e9\u00e2tre ***&#8221; font_container=&#8221;tag:h1|text_align:center&#8221; use_theme_fonts=&#8221;yes&#8221; css=&#8221;&#8221;][vc_custom_heading text=&#8221;Stay in the heart of Arles\u2019 historic center&#8221; font_container=&#8221;tag:h2|text_align:center&#8221; use_theme_fonts=&#8221;yes&#8221; css=&#8221;&#8221;]<div class=\"ult-spacer spacer-69e05fd39af57\" data-id=\"69e05fd39af57\" data-height=\"10\" data-height-mobile=\"5\" data-height-tab=\"\" data-height-tab-portrait=\"\" data-height-mobile-landscape=\"\" style=\"clear:both;display:block;\"><\/div>[vc_column_text css=&#8221;.vc_custom_1770757461376{margin-bottom: 10px !important;}&#8221;]<\/p>\n<p style=\"text-align: justify; text-align-last: center;\">Ideally located in the heart of Arles\u2019 historic center, H\u00f4tel Amphith\u00e9\u00e2tre is a privileged address for groups and culture enthusiasts. Just steps from the Arena, the Roman Theatre, museums, and other iconic sites, the hotel provides the perfect base to explore Arles and its year-round events.<\/p>\n<p style=\"text-align: justify; text-align-last: center;\">Experienced in welcoming groups and art lovers, our team ensures each stay is carefully accompanied,<br \/>\noffering personalized advice and recommendations.<\/p>\n<p>[\/vc_column_text]<div class=\"ult-spacer spacer-69e05fd39af82\" data-id=\"69e05fd39af82\" data-height=\"15\" data-height-mobile=\"5\" data-height-tab=\"\" data-height-tab-portrait=\"\" data-height-mobile-landscape=\"\" style=\"clear:both;display:block;\"><\/div>[vc_custom_heading text=&#8221;Contact our team for any specific request&#8221; font_container=&#8221;tag:h2|text_align:center&#8221; use_theme_fonts=&#8221;yes&#8221; css=&#8221;&#8221;]<div class=\"ult-spacer spacer-69e05fd39af9c\" data-id=\"69e05fd39af9c\" data-height=\"10\" data-height-mobile=\"5\" data-height-tab=\"\" data-height-tab-portrait=\"\" data-height-mobile-landscape=\"\" style=\"clear:both;display:block;\"><\/div><style type=\"text\/css\" data-type=\"the7_shortcodes-inline-css\">#default-btn-752d46671c9eb5d8178187434a78e05f.ico-right-side > i {\n  margin-right: 0px;\n  margin-left: 15px;\n}\n#default-btn-752d46671c9eb5d8178187434a78e05f > i {\n  margin-right: 15px;\n}<\/style><div class=\"btn-align-center\"><a href=\"mailto:contact@hotelamphitheatre.fr\" class=\"default-btn-shortcode dt-btn dt-btn-m link-hover-off \" target=\"_blank\" id=\"default-btn-752d46671c9eb5d8178187434a78e05f\" title=\"Contact par mail\" rel=\"noopener\"><i class=\"icomoon-the7-font-the7-mail-01\"><\/i><span>CONTACT BY EMAIL<\/span><\/a><\/div>[\/vc_column][vc_column width=&#8221;1\/6&#8243;][\/vc_column][\/vc_row][vc_row full_width=&#8221;stretch_row_content&#8221;][vc_column width=&#8221;1\/2&#8243;]<div class=\"ult-spacer spacer-69e05fd39b0ab\" data-id=\"69e05fd39b0ab\" data-height=\"100\" data-height-mobile=\"50\" data-height-tab=\"\" data-height-tab-portrait=\"\" data-height-mobile-landscape=\"\" style=\"clear:both;display:block;\"><\/div>[vc_single_image image=&#8221;104&#8243; img_size=&#8221;1000&#215;1000&#8243; alignment=&#8221;center&#8221; css=&#8221;&#8221;][vc_custom_heading text=&#8221;Discover our rooms&#8221; use_theme_fonts=&#8221;yes&#8221; css=&#8221;&#8221;][vc_custom_heading text=&#8221;comfort and serenity in the city center&#8221; font_container=&#8221;tag:h3|text_align:left&#8221; use_theme_fonts=&#8221;yes&#8221; css=&#8221;&#8221;][vc_column_text css=&#8221;&#8221;]The hotel\u2019s rooms provide comfort and tranquility in the heart of Arles. Some feature views of historic streets or city rooftops, filling the rooms with light and charm. Elegantly decorated with a touch of authenticity and modern amenities, they ensure optimal comfort.<\/p>\n<p>The new wine bar completes the experience, offering an intimate setting to enjoy wines from Provence and the southern Rh\u00f4ne Valley, creating moments of relaxation and refined pleasure.[\/vc_column_text]<div class=\"ult-spacer spacer-69e05fd39b0c4\" data-id=\"69e05fd39b0c4\" data-height=\"15\" data-height-mobile=\"5\" data-height-tab=\"\" data-height-tab-portrait=\"\" data-height-mobile-landscape=\"\" style=\"clear:both;display:block;\"><\/div><style type=\"text\/css\" data-type=\"the7_shortcodes-inline-css\">#default-btn-5bc968f80b53d4bfad0354a1743bdeee.ico-right-side > i {\n  margin-right: 0px;\n  margin-left: 8px;\n}\n#default-btn-5bc968f80b53d4bfad0354a1743bdeee > i {\n  margin-right: 8px;\n}<\/style><div class=\"btn-align-left\"><a href=\"https:\/\/hotelamphitheatre.fr\/en\/accommodation\/\" class=\"default-btn-shortcode dt-btn dt-btn-m link-hover-off \" id=\"default-btn-5bc968f80b53d4bfad0354a1743bdeee\" title=\"Hotel\"><span>OUR ROOMS<\/span><\/a><\/div><div class=\"ult-spacer spacer-69e05fd39b16f\" data-id=\"69e05fd39b16f\" data-height=\"100\" data-height-mobile=\"50\" data-height-tab=\"\" data-height-tab-portrait=\"\" data-height-mobile-landscape=\"\" style=\"clear:both;display:block;\"><\/div>[\/vc_column][vc_column width=&#8221;1\/2&#8243;]<div class=\"ult-spacer spacer-69e05fd39b195\" data-id=\"69e05fd39b195\" data-height=\"100\" data-height-mobile=\"50\" data-height-tab=\"\" data-height-tab-portrait=\"\" data-height-mobile-landscape=\"\" style=\"clear:both;display:block;\"><\/div>[vc_single_image image=&#8221;199&#8243; img_size=&#8221;1000&#215;1000&#8243; alignment=&#8221;center&#8221; css=&#8221;&#8221;][vc_custom_heading text=&#8221;Must-see sites and events&#8221; use_theme_fonts=&#8221;yes&#8221; css=&#8221;&#8221;][vc_custom_heading text=&#8221;culture, heritage, and local experiences&#8221; font_container=&#8221;tag:h3|text_align:left&#8221; use_theme_fonts=&#8221;yes&#8221; css=&#8221;&#8221;][vc_column_text css=&#8221;&#8221;]Arles offers an ideal framework for group stays, blending exceptional heritage and major cultural events. Iconic sites\u2014the Arena, Roman Theatre, cloisters, and museums\u2014are easily explored on foot from the hotel.<\/p>\n<p>The city also comes alive with highlights such as the Rencontres de la Photographie, the Ferias, cultural festivals, and temporary exhibitions.<\/p>\n<p>Nearby, the Camargue and Proven\u00e7al villages complete the experience with nature excursions and local discoveries. Arles is a prime destination for group stays combining culture, conviviality, and shared moments.[\/vc_column_text]<style type=\"text\/css\" data-type=\"the7_shortcodes-inline-css\">#default-btn-9aee7f012732aee551bc480b5e6c5e0e.ico-right-side > i {\n  margin-right: 0px;\n  margin-left: 8px;\n}\n#default-btn-9aee7f012732aee551bc480b5e6c5e0e > i {\n  margin-right: 8px;\n}<\/style><div class=\"btn-align-left\"><a href=\"https:\/\/hotelamphitheatre.fr\/en\/current-events\/\" class=\"default-btn-shortcode dt-btn dt-btn-m link-hover-off \" id=\"default-btn-9aee7f012732aee551bc480b5e6c5e0e\" title=\"CURRENTS EVENTS\"><span>SEE OUR CURRENT EVENTS<\/span><\/a><\/div><div class=\"ult-spacer spacer-69e05fd39b21e\" data-id=\"69e05fd39b21e\" data-height=\"100\" data-height-mobile=\"100\" data-height-tab=\"100\" data-height-tab-portrait=\"\" data-height-mobile-landscape=\"\" style=\"clear:both;display:block;\"><\/div>[\/vc_column][\/vc_row][vc_row full_width=&#8221;stretch_row_content&#8221; content_placement=&#8221;middle&#8221; css=&#8221;.vc_custom_1767966062185{background-color: #F9F8F0 !important;background-position: center !important;background-repeat: no-repeat !important;background-size: cover !important;}&#8221;][vc_column width=&#8221;2\/3&#8243; css=&#8221;.vc_custom_1767966389947{background-position: center !important;background-repeat: no-repeat !important;background-size: cover !important;}&#8221;][vc_single_image image=&#8221;51&#8243; img_size=&#8221;1200&#215;650&#8243; css=&#8221;&#8221;][\/vc_column][vc_column width=&#8221;1\/3&#8243; css=&#8221;.vc_custom_1770679300723{background-position: center !important;background-repeat: no-repeat !important;background-size: cover !important;}&#8221;]<div class=\"ult-spacer spacer-69e05fd39b236\" data-id=\"69e05fd39b236\" data-height=\"25\" data-height-mobile=\"0\" data-height-tab=\"\" data-height-tab-portrait=\"\" data-height-mobile-landscape=\"\" style=\"clear:both;display:block;\"><\/div>[vc_custom_heading text=&#8221;THE WINE BAR&#8221; font_container=&#8221;tag:h1|text_align:left&#8221; use_theme_fonts=&#8221;yes&#8221; css=&#8221;&#8221;]<div class=\"ult-spacer spacer-69e05fd39b246\" data-id=\"69e05fd39b246\" data-height=\"20\" data-height-mobile=\"10\" data-height-tab=\"\" data-height-tab-portrait=\"\" data-height-mobile-landscape=\"\" style=\"clear:both;display:block;\"><\/div>[vc_column_text css=&#8221;.vc_custom_1771471893532{margin-bottom: 10px !important;}&#8221;]<\/p>\n<p style=\"text-align: left;\">The brand-new wine bar at h\u00f4tel amphith\u00e9\u00e2tre offers an intimate and welcoming setting, exclusively reserved for hotel guests. this elegant space showcases wines from provence and the southern rh\u00f4ne valley, carefully selected for their authenticity and balance.<\/p>\n<p style=\"text-align: left;\">For group stays or art enthusiasts, it provides a pleasant pause, perfect for discovering the local terroir over a glass. Its cozy and convivial atmosphere invites relaxation and tasting in an elegant and refined setting.<\/p>\n<p>[\/vc_column_text]<div class=\"ult-spacer spacer-69e05fd39b256\" data-id=\"69e05fd39b256\" data-height=\"20\" data-height-mobile=\"10\" data-height-tab=\"\" data-height-tab-portrait=\"\" data-height-mobile-landscape=\"\" style=\"clear:both;display:block;\"><\/div><style type=\"text\/css\" data-type=\"the7_shortcodes-inline-css\">#default-btn-763051a8022a0207337656b8e5054e46.ico-right-side > i {\n  margin-right: 0px;\n  margin-left: 8px;\n}\n#default-btn-763051a8022a0207337656b8e5054e46 > i {\n  margin-right: 8px;\n}<\/style><div class=\"btn-align-left\"><a href=\"https:\/\/hotelamphitheatre.fr\/en\/breakfast-bar\/\" class=\"default-btn-shortcode dt-btn dt-btn-m link-hover-off \" id=\"default-btn-763051a8022a0207337656b8e5054e46\" title=\"BREAKFAST & BAR\"><span>MORE INFORMATION<\/span><\/a><\/div><div class=\"ult-spacer spacer-69e05fd39b2eb\" data-id=\"69e05fd39b2eb\" data-height=\"100\" data-height-mobile=\"50\" data-height-tab=\"\" data-height-tab-portrait=\"\" data-height-mobile-landscape=\"\" style=\"clear:both;display:block;\"><\/div>[\/vc_column][\/vc_row][vc_row full_width=&#8221;stretch_row_content_no_spaces&#8221;][vc_column]<div class=\"sbvcgmap-map-wrapper\" style=\"width:100%;height:400px\"><div class=\"sbvcgmap-map\" zoom=\"9\" maptype=\"ROADMAP\" panoramatogglebutton=\"no\" pancontrol=\"yes\" pancontrol_position=\"TOP_LEFT\" zoomcontrol=\"yes\" zoomcontrol_position=\"TOP_LEFT\" zoomcontrolstyle=\"DEFAULT\" maptypecontrol=\"no\" maptypecontrol_position=\"TOP_RIGHT\" streetviewcontrol=\"no\" streetviewcontrol_position=\"TOP_LEFT\" overviewmapcontrol=\"yes\" overviewmapcontrolvisible=\"no\" maptypecontrolstyle=\"DEFAULT\" mapstyle=\"style-32\" weather=\"no\" traffic=\"no\" transit=\"no\" bicycle=\"no\" panoramio=\"no\" draggable=\"yes\" scrollwheel=\"no\" cplatitude=\"43.677534718486\" cplongitude=\"4.6292558099576\" scalecontrol=\"yes\" searchtype=\"disabled\" searchradius=\"500\" searchiconanimation=\"NONE\" searchdirectiontext=\"\" reloadonresize=\"no\" clustering=\"no\" style=\"width:100%;height:400px\"><div class=\"sbvcgmap-marker\" data-lat=\"43.67760455396\" data-lng=\"4.6292343522863\" infowindow=\"no\" animation=\"NONE\" customstyles=\"no\" ><br \/><a target=\"_blank\" href=\"https:\/\/maps.google.com\/?daddr=43.67760455396,4.6292343522863\">Hotel Amphith\u00e9\u00e2tre<\/a><\/div><\/div><\/div>[\/vc_column][\/vc_row]<\/p>\n<\/div>","protected":false},"excerpt":{"rendered":"<p>[vc_row][vc_column width=&#8221;1\/6&#8243;][\/vc_column][vc_column width=&#8221;2\/3&#8243;][vc_custom_heading text=&#8221;H\u00f4tel de l&#8217;Amphith\u00e9\u00e2tre ***&#8221; font_container=&#8221;tag:h1|text_align:center&#8221; use_theme_fonts=&#8221;yes&#8221; css=&#8221;&#8221;][vc_custom_heading text=&#8221;Stay in the heart of Arles\u2019 historic center&#8221; font_container=&#8221;tag:h2|text_align:center&#8221; use_theme_fonts=&#8221;yes&#8221; css=&#8221;&#8221;][vc_column_text css=&#8221;.vc_custom_1770757461376{margin-bottom: 10px !important;}&#8221;] Ideally located in the heart of Arles\u2019 historic center, H\u00f4tel Amphith\u00e9\u00e2tre is a privileged address for groups and culture enthusiasts. Just steps from the Arena, the Roman Theatre, museums, and other&hellip;<\/p>\n","protected":false},"author":1,"featured_media":0,"parent":0,"menu_order":7,"comment_status":"closed","ping_status":"closed","template":"","meta":{"footnotes":""},"class_list":["post-765","page","type-page","status-publish","hentry","description-off"],"yoast_head":"<!-- This site is optimized with the Yoast SEO plugin v27.4 - https:\/\/yoast.com\/product\/yoast-seo-wordpress\/ -->\n<title>Events \/ Groups - H\u00f4tel Amphith\u00e9\u00e2tre - H\u00f4tel de Charme Centre historique - Arles<\/title>\n<meta name=\"description\" content=\"Organize your events and group stays at h\u00f4tel de l\u2019amphith\u00e9\u00e2tre, in the heart of arles, just steps away from historic and cultural sites.\" \/>\n<meta name=\"robots\" content=\"index, follow, max-snippet:-1, max-image-preview:large, max-video-preview:-1\" \/>\n<link rel=\"canonical\" href=\"https:\/\/hotelamphitheatre.fr\/en\/events-groups\/\" \/>\n<meta property=\"og:locale\" content=\"en_US\" \/>\n<meta property=\"og:type\" content=\"article\" \/>\n<meta property=\"og:title\" content=\"Events \/ Groups - H\u00f4tel Amphith\u00e9\u00e2tre - H\u00f4tel de Charme Centre historique - Arles\" \/>\n<meta property=\"og:description\" content=\"Organize your events and group stays at h\u00f4tel de l\u2019amphith\u00e9\u00e2tre, in the heart of arles, just steps away from historic and cultural sites.\" \/>\n<meta property=\"og:url\" content=\"https:\/\/hotelamphitheatre.fr\/en\/events-groups\/\" \/>\n<meta property=\"og:site_name\" content=\"H\u00f4tel Amphith\u00e9\u00e2tre - H\u00f4tel de Charme Centre historique - Arles\" \/>\n<meta property=\"article:publisher\" content=\"https:\/\/www.facebook.com\/hotel.amphitheatre.arles\" \/>\n<meta property=\"article:modified_time\" content=\"2026-02-19T03:32:23+00:00\" \/>\n<meta name=\"twitter:card\" content=\"summary_large_image\" \/>\n<meta name=\"twitter:label1\" content=\"Est. reading time\" \/>\n\t<meta name=\"twitter:data1\" content=\"4 minutes\" \/>\n<script type=\"application\/ld+json\" class=\"yoast-schema-graph\">{\"@context\":\"https:\\\/\\\/schema.org\",\"@graph\":[{\"@type\":\"WebPage\",\"@id\":\"https:\\\/\\\/hotelamphitheatre.fr\\\/en\\\/events-groups\\\/\",\"url\":\"https:\\\/\\\/hotelamphitheatre.fr\\\/en\\\/events-groups\\\/\",\"name\":\"Events \\\/ Groups - H\u00f4tel Amphith\u00e9\u00e2tre - H\u00f4tel de Charme Centre historique - Arles\",\"isPartOf\":{\"@id\":\"https:\\\/\\\/hotelamphitheatre.fr\\\/#website\"},\"datePublished\":\"2026-02-08T22:49:54+00:00\",\"dateModified\":\"2026-02-19T03:32:23+00:00\",\"description\":\"Organize your events and group stays at h\u00f4tel de l\u2019amphith\u00e9\u00e2tre, in the heart of arles, just steps away from historic and cultural sites.\",\"breadcrumb\":{\"@id\":\"https:\\\/\\\/hotelamphitheatre.fr\\\/en\\\/events-groups\\\/#breadcrumb\"},\"inLanguage\":\"en-US\",\"potentialAction\":[{\"@type\":\"ReadAction\",\"target\":[\"https:\\\/\\\/hotelamphitheatre.fr\\\/en\\\/events-groups\\\/\"]}]},{\"@type\":\"BreadcrumbList\",\"@id\":\"https:\\\/\\\/hotelamphitheatre.fr\\\/en\\\/events-groups\\\/#breadcrumb\",\"itemListElement\":[{\"@type\":\"ListItem\",\"position\":1,\"name\":\"Accueil\",\"item\":\"https:\\\/\\\/hotelamphitheatre.fr\\\/en\\\/\"},{\"@type\":\"ListItem\",\"position\":2,\"name\":\"Events \\\/ Groups\"}]},{\"@type\":\"WebSite\",\"@id\":\"https:\\\/\\\/hotelamphitheatre.fr\\\/#website\",\"url\":\"https:\\\/\\\/hotelamphitheatre.fr\\\/\",\"name\":\"H\u00f4tel Amphith\u00e9\u00e2tre - H\u00f4tel de Charme Centre historique - Arles\",\"description\":\"Un Site d\u00e9velopp\u00e9 par PMT Hotels\",\"publisher\":{\"@id\":\"https:\\\/\\\/hotelamphitheatre.fr\\\/#organization\"},\"alternateName\":\"H\u00f4tel de l'Amphith\u00e9\u00e2tre - Arles\",\"potentialAction\":[{\"@type\":\"SearchAction\",\"target\":{\"@type\":\"EntryPoint\",\"urlTemplate\":\"https:\\\/\\\/hotelamphitheatre.fr\\\/?s={search_term_string}\"},\"query-input\":{\"@type\":\"PropertyValueSpecification\",\"valueRequired\":true,\"valueName\":\"search_term_string\"}}],\"inLanguage\":\"en-US\"},{\"@type\":\"Organization\",\"@id\":\"https:\\\/\\\/hotelamphitheatre.fr\\\/#organization\",\"name\":\"H\u00f4tel Amphith\u00e9\u00e2tre Arles\",\"url\":\"https:\\\/\\\/hotelamphitheatre.fr\\\/\",\"logo\":{\"@type\":\"ImageObject\",\"inLanguage\":\"en-US\",\"@id\":\"https:\\\/\\\/hotelamphitheatre.fr\\\/#\\\/schema\\\/logo\\\/image\\\/\",\"url\":\"https:\\\/\\\/amphitheatre.pmthotels.com\\\/wp-content\\\/uploads\\\/2025\\\/11\\\/Logo-hotel-amphitheatre-arles-600.png\",\"contentUrl\":\"https:\\\/\\\/amphitheatre.pmthotels.com\\\/wp-content\\\/uploads\\\/2025\\\/11\\\/Logo-hotel-amphitheatre-arles-600.png\",\"width\":600,\"height\":165,\"caption\":\"H\u00f4tel Amphith\u00e9\u00e2tre Arles\"},\"image\":{\"@id\":\"https:\\\/\\\/hotelamphitheatre.fr\\\/#\\\/schema\\\/logo\\\/image\\\/\"},\"sameAs\":[\"https:\\\/\\\/www.facebook.com\\\/hotel.amphitheatre.arles\",\"https:\\\/\\\/www.instagram.com\\\/hotel.amphitheatre.arles\\\/\",\"https:\\\/\\\/fr.linkedin.com\\\/company\\\/hotel-de-l'amphitheatre\"]}]}<\/script>\n<!-- \/ Yoast SEO plugin. -->","yoast_head_json":{"title":"Events \/ Groups - H\u00f4tel Amphith\u00e9\u00e2tre - H\u00f4tel de Charme Centre historique - Arles","description":"Organize your events and group stays at h\u00f4tel de l\u2019amphith\u00e9\u00e2tre, in the heart of arles, just steps away from historic and cultural sites.","robots":{"index":"index","follow":"follow","max-snippet":"max-snippet:-1","max-image-preview":"max-image-preview:large","max-video-preview":"max-video-preview:-1"},"canonical":"https:\/\/hotelamphitheatre.fr\/en\/events-groups\/","og_locale":"en_US","og_type":"article","og_title":"Events \/ Groups - H\u00f4tel Amphith\u00e9\u00e2tre - H\u00f4tel de Charme Centre historique - Arles","og_description":"Organize your events and group stays at h\u00f4tel de l\u2019amphith\u00e9\u00e2tre, in the heart of arles, just steps away from historic and cultural sites.","og_url":"https:\/\/hotelamphitheatre.fr\/en\/events-groups\/","og_site_name":"H\u00f4tel Amphith\u00e9\u00e2tre - H\u00f4tel de Charme Centre historique - Arles","article_publisher":"https:\/\/www.facebook.com\/hotel.amphitheatre.arles","article_modified_time":"2026-02-19T03:32:23+00:00","twitter_card":"summary_large_image","twitter_misc":{"Est. reading time":"4 minutes"},"schema":{"@context":"https:\/\/schema.org","@graph":[{"@type":"WebPage","@id":"https:\/\/hotelamphitheatre.fr\/en\/events-groups\/","url":"https:\/\/hotelamphitheatre.fr\/en\/events-groups\/","name":"Events \/ Groups - H\u00f4tel Amphith\u00e9\u00e2tre - H\u00f4tel de Charme Centre historique - Arles","isPartOf":{"@id":"https:\/\/hotelamphitheatre.fr\/#website"},"datePublished":"2026-02-08T22:49:54+00:00","dateModified":"2026-02-19T03:32:23+00:00","description":"Organize your events and group stays at h\u00f4tel de l\u2019amphith\u00e9\u00e2tre, in the heart of arles, just steps away from historic and cultural sites.","breadcrumb":{"@id":"https:\/\/hotelamphitheatre.fr\/en\/events-groups\/#breadcrumb"},"inLanguage":"en-US","potentialAction":[{"@type":"ReadAction","target":["https:\/\/hotelamphitheatre.fr\/en\/events-groups\/"]}]},{"@type":"BreadcrumbList","@id":"https:\/\/hotelamphitheatre.fr\/en\/events-groups\/#breadcrumb","itemListElement":[{"@type":"ListItem","position":1,"name":"Accueil","item":"https:\/\/hotelamphitheatre.fr\/en\/"},{"@type":"ListItem","position":2,"name":"Events \/ Groups"}]},{"@type":"WebSite","@id":"https:\/\/hotelamphitheatre.fr\/#website","url":"https:\/\/hotelamphitheatre.fr\/","name":"H\u00f4tel Amphith\u00e9\u00e2tre - H\u00f4tel de Charme Centre historique - Arles","description":"Un Site d\u00e9velopp\u00e9 par PMT Hotels","publisher":{"@id":"https:\/\/hotelamphitheatre.fr\/#organization"},"alternateName":"H\u00f4tel de l'Amphith\u00e9\u00e2tre - Arles","potentialAction":[{"@type":"SearchAction","target":{"@type":"EntryPoint","urlTemplate":"https:\/\/hotelamphitheatre.fr\/?s={search_term_string}"},"query-input":{"@type":"PropertyValueSpecification","valueRequired":true,"valueName":"search_term_string"}}],"inLanguage":"en-US"},{"@type":"Organization","@id":"https:\/\/hotelamphitheatre.fr\/#organization","name":"H\u00f4tel Amphith\u00e9\u00e2tre Arles","url":"https:\/\/hotelamphitheatre.fr\/","logo":{"@type":"ImageObject","inLanguage":"en-US","@id":"https:\/\/hotelamphitheatre.fr\/#\/schema\/logo\/image\/","url":"https:\/\/amphitheatre.pmthotels.com\/wp-content\/uploads\/2025\/11\/Logo-hotel-amphitheatre-arles-600.png","contentUrl":"https:\/\/amphitheatre.pmthotels.com\/wp-content\/uploads\/2025\/11\/Logo-hotel-amphitheatre-arles-600.png","width":600,"height":165,"caption":"H\u00f4tel Amphith\u00e9\u00e2tre Arles"},"image":{"@id":"https:\/\/hotelamphitheatre.fr\/#\/schema\/logo\/image\/"},"sameAs":["https:\/\/www.facebook.com\/hotel.amphitheatre.arles","https:\/\/www.instagram.com\/hotel.amphitheatre.arles\/","https:\/\/fr.linkedin.com\/company\/hotel-de-l'amphitheatre"]}]}},"_links":{"self":[{"href":"https:\/\/hotelamphitheatre.fr\/en\/wp-json\/wp\/v2\/pages\/765","targetHints":{"allow":["GET"]}}],"collection":[{"href":"https:\/\/hotelamphitheatre.fr\/en\/wp-json\/wp\/v2\/pages"}],"about":[{"href":"https:\/\/hotelamphitheatre.fr\/en\/wp-json\/wp\/v2\/types\/page"}],"author":[{"embeddable":true,"href":"https:\/\/hotelamphitheatre.fr\/en\/wp-json\/wp\/v2\/users\/1"}],"replies":[{"embeddable":true,"href":"https:\/\/hotelamphitheatre.fr\/en\/wp-json\/wp\/v2\/comments?post=765"}],"version-history":[{"count":9,"href":"https:\/\/hotelamphitheatre.fr\/en\/wp-json\/wp\/v2\/pages\/765\/revisions"}],"predecessor-version":[{"id":814,"href":"https:\/\/hotelamphitheatre.fr\/en\/wp-json\/wp\/v2\/pages\/765\/revisions\/814"}],"wp:attachment":[{"href":"https:\/\/hotelamphitheatre.fr\/en\/wp-json\/wp\/v2\/media?parent=765"}],"curies":[{"name":"wp","href":"https:\/\/api.w.org\/{rel}","templated":true}]}}