{"id":744,"date":"2026-02-05T23:07:40","date_gmt":"2026-02-05T22:07:40","guid":{"rendered":"https:\/\/hotelamphitheatre.fr\/petit-dejeuner-bar\/"},"modified":"2026-02-19T04:30:23","modified_gmt":"2026-02-19T03:30:23","slug":"breakfast-bar","status":"publish","type":"page","link":"https:\/\/hotelamphitheatre.fr\/en\/breakfast-bar\/","title":{"rendered":"Breakfast &amp; Bar"},"content":{"rendered":"<div class=\"wpb-content-wrapper\"><p>[vc_row][vc_column width=&#8221;1\/6&#8243;][\/vc_column][vc_column width=&#8221;2\/3&#8243;]<div class=\"ult-spacer spacer-69e05ce54a709\" data-id=\"69e05ce54a709\" data-height=\"100\" data-height-mobile=\"50\" data-height-tab=\"\" data-height-tab-portrait=\"\" data-height-mobile-landscape=\"\" style=\"clear:both;display:block;\"><\/div>[vc_custom_heading text=&#8221;H\u00f4tel de l&#8217;Amphith\u00e9\u00e2tre ***&#8221; font_container=&#8221;tag:h1|text_align:center&#8221; use_theme_fonts=&#8221;yes&#8221; css=&#8221;&#8221;][vc_custom_heading text=&#8221;From dawn to dusk, every moment to savor&#8221; font_container=&#8221;tag:h2|text_align:center&#8221; use_theme_fonts=&#8221;yes&#8221; css=&#8221;&#8221;]<div class=\"ult-spacer spacer-69e05ce54a74e\" data-id=\"69e05ce54a74e\" data-height=\"10\" data-height-mobile=\"5\" data-height-tab=\"\" data-height-tab-portrait=\"\" data-height-mobile-landscape=\"\" style=\"clear:both;display:block;\"><\/div>[vc_column_text css=&#8221;.vc_custom_1770745168258{margin-bottom: 10px !important;}&#8221;]<\/p>\n<p style=\"text-align: justify; text-align-last: center;\">H\u00f4tel de l\u2019Amphith\u00e9\u00e2tre accompanies your days with elegance and serenity. In the morning, enjoy breakfast in a calm, welcoming atmosphere, while in the evening, the wine bar invites you to unwind in a cozy, intimate setting.<\/p>\n<p style=\"text-align: justify; text-align-last: center;\">Each space has been designed for comfort and tranquility, allowing you to fully enjoy every moment. Here, relaxation and warmth combine to create a harmonious stay, where you can recharge, immerse yourself in the spirit of Arles, and savor the gentle ambiance of the hotel.<\/p>\n<p>[\/vc_column_text]<div class=\"ult-spacer spacer-69e05ce54a776\" data-id=\"69e05ce54a776\" data-height=\"15\" data-height-mobile=\"5\" data-height-tab=\"\" data-height-tab-portrait=\"\" data-height-mobile-landscape=\"\" style=\"clear:both;display:block;\"><\/div>[\/vc_column][vc_column width=&#8221;1\/6&#8243;][\/vc_column][\/vc_row][vc_row full_width=&#8221;stretch_row_content&#8221;][vc_column width=&#8221;1\/2&#8243;]<div class=\"ult-spacer spacer-69e05ce54a798\" data-id=\"69e05ce54a798\" data-height=\"100\" data-height-mobile=\"50\" data-height-tab=\"\" data-height-tab-portrait=\"\" data-height-mobile-landscape=\"\" style=\"clear:both;display:block;\"><\/div>[vc_single_image image=&#8221;59&#8243; img_size=&#8221;1000&#215;1000&#8243; css=&#8221;&#8221;][vc_custom_heading text=&#8221;Breakfast&#8221; use_theme_fonts=&#8221;yes&#8221; css=&#8221;&#8221;][vc_custom_heading text=&#8221;Continental buffet from 6:30\u202fam to 10\u202fam&#8221; font_container=&#8221;tag:h3|text_align:left&#8221; use_theme_fonts=&#8221;yes&#8221; css=&#8221;&#8221;]<div class=\"ult-spacer spacer-69e05ce54a7b8\" data-id=\"69e05ce54a7b8\" data-height=\"20\" data-height-mobile=\"0\" data-height-tab=\"\" data-height-tab-portrait=\"\" data-height-mobile-landscape=\"\" style=\"clear:both;display:block;\"><\/div>[vc_column_text css=&#8221;&#8221;]At H\u00f4tel de l\u2019Amphith\u00e9\u00e2tre, breakfast is a moment of indulgence, a gentle pause before exploring Arles.<\/p>\n<p>Served each morning in a peaceful and friendly atmosphere, it offers fresh, high-quality products: artisan breads and pastries, jams, honey and regional specialties, fresh and dried seasonal fruits, dairy products, juices, and hot drinks.<\/p>\n<p>Guests can compose their plates as they wish, enjoying a simple, authentic start to the day. In this intimate and welcoming setting, take the time to plan your day or simply savor the moment, just steps from the Arena.[\/vc_column_text]<div class=\"ult-spacer spacer-69e05ce54a7d5\" data-id=\"69e05ce54a7d5\" data-height=\"100\" data-height-mobile=\"0\" data-height-tab=\"\" data-height-tab-portrait=\"\" data-height-mobile-landscape=\"\" style=\"clear:both;display:block;\"><\/div>[\/vc_column][vc_column width=&#8221;1\/2&#8243;]<div class=\"ult-spacer spacer-69e05ce54a7f1\" data-id=\"69e05ce54a7f1\" data-height=\"100\" data-height-mobile=\"50\" data-height-tab=\"\" data-height-tab-portrait=\"\" data-height-mobile-landscape=\"\" style=\"clear:both;display:block;\"><\/div>[vc_single_image image=&#8221;49&#8243; img_size=&#8221;1000&#215;1000&#8243; css=&#8221;&#8221;][vc_custom_heading text=&#8221;The Wine Bar (coming soon)&#8221; use_theme_fonts=&#8221;yes&#8221; css=&#8221;&#8221;][vc_custom_heading text=&#8221;An intimate oenological experience&#8221; font_container=&#8221;tag:h3|text_align:left&#8221; use_theme_fonts=&#8221;yes&#8221; css=&#8221;&#8221;]<div class=\"ult-spacer spacer-69e05ce54a80f\" data-id=\"69e05ce54a80f\" data-height=\"20\" data-height-mobile=\"0\" data-height-tab=\"\" data-height-tab-portrait=\"\" data-height-mobile-landscape=\"\" style=\"clear:both;display:block;\"><\/div>[vc_column_text css=&#8221;&#8221;]Coming soon, H\u00f4tel de l\u2019Amphith\u00e9\u00e2tre\u2019s wine bar offers a warm, intimate retreat, exclusively for hotel guests.<\/p>\n<p>Throughout the day, this elegant, discreet space invites relaxation and discovery, highlighting local wines from Provence and the southern Rh\u00f4ne Valley, carefully selected for their authenticity and balance.<\/p>\n<p>Fresh ros\u00e9s, full-bodied reds, and delicate whites create a menu designed to suit each moment. An ideal setting to enjoy a glass in complete tranquility, right in the heart of Arles.[\/vc_column_text]<div class=\"ult-spacer spacer-69e05ce54a829\" data-id=\"69e05ce54a829\" data-height=\"100\" data-height-mobile=\"50\" data-height-tab=\"\" data-height-tab-portrait=\"\" data-height-mobile-landscape=\"\" style=\"clear:both;display:block;\"><\/div>[\/vc_column][\/vc_row][vc_row full_width=&#8221;stretch_row_content_no_spaces&#8221;][vc_column]<div class=\"sbvcgmap-map-wrapper\" style=\"width:100%;height:400px\"><div class=\"sbvcgmap-map\" zoom=\"9\" maptype=\"ROADMAP\" panoramatogglebutton=\"no\" pancontrol=\"yes\" pancontrol_position=\"TOP_LEFT\" zoomcontrol=\"yes\" zoomcontrol_position=\"TOP_LEFT\" zoomcontrolstyle=\"DEFAULT\" maptypecontrol=\"no\" maptypecontrol_position=\"TOP_RIGHT\" streetviewcontrol=\"no\" streetviewcontrol_position=\"TOP_LEFT\" overviewmapcontrol=\"yes\" overviewmapcontrolvisible=\"no\" maptypecontrolstyle=\"DEFAULT\" mapstyle=\"style-32\" weather=\"no\" traffic=\"no\" transit=\"no\" bicycle=\"no\" panoramio=\"no\" draggable=\"yes\" scrollwheel=\"no\" cplatitude=\"43.677534718486\" cplongitude=\"4.6292558099576\" scalecontrol=\"yes\" searchtype=\"disabled\" searchradius=\"500\" searchiconanimation=\"NONE\" searchdirectiontext=\"\" reloadonresize=\"no\" clustering=\"no\" style=\"width:100%;height:400px\"><div class=\"sbvcgmap-marker\" data-lat=\"43.67760455396\" data-lng=\"4.6292343522863\" infowindow=\"no\" animation=\"NONE\" customstyles=\"no\" ><br \/><a target=\"_blank\" href=\"https:\/\/maps.google.com\/?daddr=43.67760455396,4.6292343522863\">Hotel Amphith\u00e9\u00e2tre<\/a><\/div><\/div><\/div>[\/vc_column][\/vc_row]<\/p>\n<\/div>","protected":false},"excerpt":{"rendered":"<p>[vc_row][vc_column width=&#8221;1\/6&#8243;][\/vc_column][vc_column width=&#8221;2\/3&#8243;][vc_custom_heading text=&#8221;H\u00f4tel de l&#8217;Amphith\u00e9\u00e2tre ***&#8221; font_container=&#8221;tag:h1|text_align:center&#8221; use_theme_fonts=&#8221;yes&#8221; css=&#8221;&#8221;][vc_custom_heading text=&#8221;From dawn to dusk, every moment to savor&#8221; font_container=&#8221;tag:h2|text_align:center&#8221; use_theme_fonts=&#8221;yes&#8221; css=&#8221;&#8221;][vc_column_text css=&#8221;.vc_custom_1770745168258{margin-bottom: 10px !important;}&#8221;] H\u00f4tel de l\u2019Amphith\u00e9\u00e2tre accompanies your days with elegance and serenity. In the morning, enjoy breakfast in a calm, welcoming atmosphere, while in the evening, the wine bar invites you to unwind&hellip;<\/p>\n","protected":false},"author":1,"featured_media":0,"parent":0,"menu_order":6,"comment_status":"closed","ping_status":"closed","template":"","meta":{"footnotes":""},"class_list":["post-744","page","type-page","status-publish","hentry","description-off"],"yoast_head":"<!-- This site is optimized with the Yoast SEO plugin v27.4 - https:\/\/yoast.com\/product\/yoast-seo-wordpress\/ -->\n<title>Breakfast &amp; Bar - H\u00f4tel Amphith\u00e9\u00e2tre - H\u00f4tel de Charme Centre historique - Arles<\/title>\n<meta name=\"description\" content=\"Enjoy breakfast and discover the intimate wine bar at H\u00f4tel de l\u2019Amphith\u00e9\u00e2tre, right in the heart of Arles.\" \/>\n<meta name=\"robots\" content=\"index, follow, max-snippet:-1, max-image-preview:large, max-video-preview:-1\" \/>\n<link rel=\"canonical\" href=\"https:\/\/hotelamphitheatre.fr\/en\/breakfast-bar\/\" \/>\n<meta property=\"og:locale\" content=\"en_US\" \/>\n<meta property=\"og:type\" content=\"article\" \/>\n<meta property=\"og:title\" content=\"Breakfast &amp; Bar - H\u00f4tel Amphith\u00e9\u00e2tre - H\u00f4tel de Charme Centre historique - Arles\" \/>\n<meta property=\"og:description\" content=\"Enjoy breakfast and discover the intimate wine bar at H\u00f4tel de l\u2019Amphith\u00e9\u00e2tre, right in the heart of Arles.\" \/>\n<meta property=\"og:url\" content=\"https:\/\/hotelamphitheatre.fr\/en\/breakfast-bar\/\" \/>\n<meta property=\"og:site_name\" content=\"H\u00f4tel Amphith\u00e9\u00e2tre - H\u00f4tel de Charme Centre historique - Arles\" \/>\n<meta property=\"article:publisher\" content=\"https:\/\/www.facebook.com\/hotel.amphitheatre.arles\" \/>\n<meta property=\"article:modified_time\" content=\"2026-02-19T03:30:23+00:00\" \/>\n<meta name=\"twitter:card\" content=\"summary_large_image\" \/>\n<meta name=\"twitter:label1\" content=\"Est. reading time\" \/>\n\t<meta name=\"twitter:data1\" content=\"3 minutes\" \/>\n<script type=\"application\/ld+json\" class=\"yoast-schema-graph\">{\"@context\":\"https:\\\/\\\/schema.org\",\"@graph\":[{\"@type\":\"WebPage\",\"@id\":\"https:\\\/\\\/hotelamphitheatre.fr\\\/en\\\/breakfast-bar\\\/\",\"url\":\"https:\\\/\\\/hotelamphitheatre.fr\\\/en\\\/breakfast-bar\\\/\",\"name\":\"Breakfast &amp; Bar - H\u00f4tel Amphith\u00e9\u00e2tre - H\u00f4tel de Charme Centre historique - Arles\",\"isPartOf\":{\"@id\":\"https:\\\/\\\/hotelamphitheatre.fr\\\/#website\"},\"datePublished\":\"2026-02-05T22:07:40+00:00\",\"dateModified\":\"2026-02-19T03:30:23+00:00\",\"description\":\"Enjoy breakfast and discover the intimate wine bar at H\u00f4tel de l\u2019Amphith\u00e9\u00e2tre, right in the heart of Arles.\",\"breadcrumb\":{\"@id\":\"https:\\\/\\\/hotelamphitheatre.fr\\\/en\\\/breakfast-bar\\\/#breadcrumb\"},\"inLanguage\":\"en-US\",\"potentialAction\":[{\"@type\":\"ReadAction\",\"target\":[\"https:\\\/\\\/hotelamphitheatre.fr\\\/en\\\/breakfast-bar\\\/\"]}]},{\"@type\":\"BreadcrumbList\",\"@id\":\"https:\\\/\\\/hotelamphitheatre.fr\\\/en\\\/breakfast-bar\\\/#breadcrumb\",\"itemListElement\":[{\"@type\":\"ListItem\",\"position\":1,\"name\":\"Accueil\",\"item\":\"https:\\\/\\\/hotelamphitheatre.fr\\\/en\\\/\"},{\"@type\":\"ListItem\",\"position\":2,\"name\":\"Breakfast &amp; Bar\"}]},{\"@type\":\"WebSite\",\"@id\":\"https:\\\/\\\/hotelamphitheatre.fr\\\/#website\",\"url\":\"https:\\\/\\\/hotelamphitheatre.fr\\\/\",\"name\":\"H\u00f4tel Amphith\u00e9\u00e2tre - H\u00f4tel de Charme Centre historique - Arles\",\"description\":\"Un Site d\u00e9velopp\u00e9 par PMT Hotels\",\"publisher\":{\"@id\":\"https:\\\/\\\/hotelamphitheatre.fr\\\/#organization\"},\"alternateName\":\"H\u00f4tel de l'Amphith\u00e9\u00e2tre - Arles\",\"potentialAction\":[{\"@type\":\"SearchAction\",\"target\":{\"@type\":\"EntryPoint\",\"urlTemplate\":\"https:\\\/\\\/hotelamphitheatre.fr\\\/?s={search_term_string}\"},\"query-input\":{\"@type\":\"PropertyValueSpecification\",\"valueRequired\":true,\"valueName\":\"search_term_string\"}}],\"inLanguage\":\"en-US\"},{\"@type\":\"Organization\",\"@id\":\"https:\\\/\\\/hotelamphitheatre.fr\\\/#organization\",\"name\":\"H\u00f4tel Amphith\u00e9\u00e2tre Arles\",\"url\":\"https:\\\/\\\/hotelamphitheatre.fr\\\/\",\"logo\":{\"@type\":\"ImageObject\",\"inLanguage\":\"en-US\",\"@id\":\"https:\\\/\\\/hotelamphitheatre.fr\\\/#\\\/schema\\\/logo\\\/image\\\/\",\"url\":\"https:\\\/\\\/amphitheatre.pmthotels.com\\\/wp-content\\\/uploads\\\/2025\\\/11\\\/Logo-hotel-amphitheatre-arles-600.png\",\"contentUrl\":\"https:\\\/\\\/amphitheatre.pmthotels.com\\\/wp-content\\\/uploads\\\/2025\\\/11\\\/Logo-hotel-amphitheatre-arles-600.png\",\"width\":600,\"height\":165,\"caption\":\"H\u00f4tel Amphith\u00e9\u00e2tre Arles\"},\"image\":{\"@id\":\"https:\\\/\\\/hotelamphitheatre.fr\\\/#\\\/schema\\\/logo\\\/image\\\/\"},\"sameAs\":[\"https:\\\/\\\/www.facebook.com\\\/hotel.amphitheatre.arles\",\"https:\\\/\\\/www.instagram.com\\\/hotel.amphitheatre.arles\\\/\",\"https:\\\/\\\/fr.linkedin.com\\\/company\\\/hotel-de-l'amphitheatre\"]}]}<\/script>\n<!-- \/ Yoast SEO plugin. -->","yoast_head_json":{"title":"Breakfast &amp; Bar - H\u00f4tel Amphith\u00e9\u00e2tre - H\u00f4tel de Charme Centre historique - Arles","description":"Enjoy breakfast and discover the intimate wine bar at H\u00f4tel de l\u2019Amphith\u00e9\u00e2tre, right in the heart of Arles.","robots":{"index":"index","follow":"follow","max-snippet":"max-snippet:-1","max-image-preview":"max-image-preview:large","max-video-preview":"max-video-preview:-1"},"canonical":"https:\/\/hotelamphitheatre.fr\/en\/breakfast-bar\/","og_locale":"en_US","og_type":"article","og_title":"Breakfast &amp; Bar - H\u00f4tel Amphith\u00e9\u00e2tre - H\u00f4tel de Charme Centre historique - Arles","og_description":"Enjoy breakfast and discover the intimate wine bar at H\u00f4tel de l\u2019Amphith\u00e9\u00e2tre, right in the heart of Arles.","og_url":"https:\/\/hotelamphitheatre.fr\/en\/breakfast-bar\/","og_site_name":"H\u00f4tel Amphith\u00e9\u00e2tre - H\u00f4tel de Charme Centre historique - Arles","article_publisher":"https:\/\/www.facebook.com\/hotel.amphitheatre.arles","article_modified_time":"2026-02-19T03:30:23+00:00","twitter_card":"summary_large_image","twitter_misc":{"Est. reading time":"3 minutes"},"schema":{"@context":"https:\/\/schema.org","@graph":[{"@type":"WebPage","@id":"https:\/\/hotelamphitheatre.fr\/en\/breakfast-bar\/","url":"https:\/\/hotelamphitheatre.fr\/en\/breakfast-bar\/","name":"Breakfast &amp; Bar - H\u00f4tel Amphith\u00e9\u00e2tre - H\u00f4tel de Charme Centre historique - Arles","isPartOf":{"@id":"https:\/\/hotelamphitheatre.fr\/#website"},"datePublished":"2026-02-05T22:07:40+00:00","dateModified":"2026-02-19T03:30:23+00:00","description":"Enjoy breakfast and discover the intimate wine bar at H\u00f4tel de l\u2019Amphith\u00e9\u00e2tre, right in the heart of Arles.","breadcrumb":{"@id":"https:\/\/hotelamphitheatre.fr\/en\/breakfast-bar\/#breadcrumb"},"inLanguage":"en-US","potentialAction":[{"@type":"ReadAction","target":["https:\/\/hotelamphitheatre.fr\/en\/breakfast-bar\/"]}]},{"@type":"BreadcrumbList","@id":"https:\/\/hotelamphitheatre.fr\/en\/breakfast-bar\/#breadcrumb","itemListElement":[{"@type":"ListItem","position":1,"name":"Accueil","item":"https:\/\/hotelamphitheatre.fr\/en\/"},{"@type":"ListItem","position":2,"name":"Breakfast &amp; Bar"}]},{"@type":"WebSite","@id":"https:\/\/hotelamphitheatre.fr\/#website","url":"https:\/\/hotelamphitheatre.fr\/","name":"H\u00f4tel Amphith\u00e9\u00e2tre - H\u00f4tel de Charme Centre historique - Arles","description":"Un Site d\u00e9velopp\u00e9 par PMT Hotels","publisher":{"@id":"https:\/\/hotelamphitheatre.fr\/#organization"},"alternateName":"H\u00f4tel de l'Amphith\u00e9\u00e2tre - Arles","potentialAction":[{"@type":"SearchAction","target":{"@type":"EntryPoint","urlTemplate":"https:\/\/hotelamphitheatre.fr\/?s={search_term_string}"},"query-input":{"@type":"PropertyValueSpecification","valueRequired":true,"valueName":"search_term_string"}}],"inLanguage":"en-US"},{"@type":"Organization","@id":"https:\/\/hotelamphitheatre.fr\/#organization","name":"H\u00f4tel Amphith\u00e9\u00e2tre Arles","url":"https:\/\/hotelamphitheatre.fr\/","logo":{"@type":"ImageObject","inLanguage":"en-US","@id":"https:\/\/hotelamphitheatre.fr\/#\/schema\/logo\/image\/","url":"https:\/\/amphitheatre.pmthotels.com\/wp-content\/uploads\/2025\/11\/Logo-hotel-amphitheatre-arles-600.png","contentUrl":"https:\/\/amphitheatre.pmthotels.com\/wp-content\/uploads\/2025\/11\/Logo-hotel-amphitheatre-arles-600.png","width":600,"height":165,"caption":"H\u00f4tel Amphith\u00e9\u00e2tre Arles"},"image":{"@id":"https:\/\/hotelamphitheatre.fr\/#\/schema\/logo\/image\/"},"sameAs":["https:\/\/www.facebook.com\/hotel.amphitheatre.arles","https:\/\/www.instagram.com\/hotel.amphitheatre.arles\/","https:\/\/fr.linkedin.com\/company\/hotel-de-l'amphitheatre"]}]}},"_links":{"self":[{"href":"https:\/\/hotelamphitheatre.fr\/en\/wp-json\/wp\/v2\/pages\/744","targetHints":{"allow":["GET"]}}],"collection":[{"href":"https:\/\/hotelamphitheatre.fr\/en\/wp-json\/wp\/v2\/pages"}],"about":[{"href":"https:\/\/hotelamphitheatre.fr\/en\/wp-json\/wp\/v2\/types\/page"}],"author":[{"embeddable":true,"href":"https:\/\/hotelamphitheatre.fr\/en\/wp-json\/wp\/v2\/users\/1"}],"replies":[{"embeddable":true,"href":"https:\/\/hotelamphitheatre.fr\/en\/wp-json\/wp\/v2\/comments?post=744"}],"version-history":[{"count":3,"href":"https:\/\/hotelamphitheatre.fr\/en\/wp-json\/wp\/v2\/pages\/744\/revisions"}],"predecessor-version":[{"id":812,"href":"https:\/\/hotelamphitheatre.fr\/en\/wp-json\/wp\/v2\/pages\/744\/revisions\/812"}],"wp:attachment":[{"href":"https:\/\/hotelamphitheatre.fr\/en\/wp-json\/wp\/v2\/media?parent=744"}],"curies":[{"name":"wp","href":"https:\/\/api.w.org\/{rel}","templated":true}]}}