{"id":731,"date":"2026-01-30T17:14:01","date_gmt":"2026-01-30T16:14:01","guid":{"rendered":"https:\/\/hotelamphitheatre.fr\/must-see-sites\/"},"modified":"2026-02-23T12:07:26","modified_gmt":"2026-02-23T11:07:26","slug":"must-see-sites","status":"publish","type":"page","link":"https:\/\/hotelamphitheatre.fr\/en\/must-see-sites\/","title":{"rendered":"Must-See Sites"},"content":{"rendered":"<div class=\"wpb-content-wrapper\"><p>[vc_row][vc_column width=&#8221;1\/6&#8243;][\/vc_column][vc_column width=&#8221;2\/3&#8243;]<div class=\"ult-spacer spacer-69e05bc1936a9\" data-id=\"69e05bc1936a9\" data-height=\"100\" data-height-mobile=\"50\" data-height-tab=\"\" data-height-tab-portrait=\"\" data-height-mobile-landscape=\"\" style=\"clear:both;display:block;\"><\/div>[vc_custom_heading text=&#8221;Arles and Provence,<br \/>\nan exceptional region&#8221; font_container=&#8221;tag:h1|text_align:center&#8221; use_theme_fonts=&#8221;yes&#8221; css=&#8221;&#8221;]<div class=\"ult-spacer spacer-69e05bc1936ef\" data-id=\"69e05bc1936ef\" data-height=\"10\" data-height-mobile=\"5\" data-height-tab=\"\" data-height-tab-portrait=\"\" data-height-mobile-landscape=\"\" style=\"clear:both;display:block;\"><\/div>[vc_column_text css=&#8221;.vc_custom_1771325496864{margin-bottom: 10px !important;}&#8221;]<\/p>\n<p style=\"text-align: justify; text-align-last: center;\">A city of art and history, Arles and its surrounding region offer remarkable cultural and natural riches. From UNESCO-listed Roman monuments to iconic sites of contemporary creation, each place reveals a facet of Proven\u00e7al identity.<\/p>\n<p style=\"text-align: justify; text-align-last: center;\">Just steps from the historic center or a short distance from the city, heritage landmarks, wild landscapes, and character-filled villages unfold at your own pace. Blending culture, nature, and art de vivre, these must-see sites invite you to explore Arles and Provence freely, for a stay filled with discovery, emotion, and inspiring escapes.<\/p>\n<p>[\/vc_column_text]<div class=\"ult-spacer spacer-69e05bc193717\" data-id=\"69e05bc193717\" data-height=\"15\" data-height-mobile=\"5\" data-height-tab=\"\" data-height-tab-portrait=\"\" data-height-mobile-landscape=\"\" style=\"clear:both;display:block;\"><\/div>[vc_custom_heading text=&#8221;Our team is at your disposal to suggest a tailor-made itinerary.&#8221; font_container=&#8221;tag:h3|text_align:center&#8221; use_theme_fonts=&#8221;yes&#8221; css=&#8221;&#8221;][\/vc_column][vc_column width=&#8221;1\/6&#8243;][\/vc_column][\/vc_row][vc_row full_width=&#8221;stretch_row_content&#8221;][vc_column width=&#8221;1\/3&#8243;]<div class=\"ult-spacer spacer-69e05bc193738\" data-id=\"69e05bc193738\" data-height=\"100\" data-height-mobile=\"50\" data-height-tab=\"\" data-height-tab-portrait=\"\" data-height-mobile-landscape=\"\" style=\"clear:both;display:block;\"><\/div>[vc_single_image image=&#8221;937&#8243; img_size=&#8221;900&#215;600&#8243; css=&#8221;.vc_custom_1770301092340{margin-bottom: 0px !important;}&#8221;]<div class=\"ult-spacer spacer-69e05bc193758\" data-id=\"69e05bc193758\" data-height=\"20\" data-height-mobile=\"20\" data-height-tab=\"20\" data-height-tab-portrait=\"\" data-height-mobile-landscape=\"\" style=\"clear:both;display:block;\"><\/div>[vc_custom_heading text=&#8221;The Arles Arena&#8221; use_theme_fonts=&#8221;yes&#8221; css=&#8221;&#8221;]<div class=\"ult-spacer spacer-69e05bc193777\" data-id=\"69e05bc193777\" data-height=\"20\" data-height-mobile=\"0\" data-height-tab=\"\" data-height-tab-portrait=\"\" data-height-mobile-landscape=\"\" style=\"clear:both;display:block;\"><\/div>[vc_column_text css=&#8221;.vc_custom_1770741633162{margin-bottom: 10px !important;}&#8221;]A symbol of the city, the Arles Arena impresses with its remarkably preserved Roman architecture. Still vibrant today, it hosts shows, concerts, and local traditions, offering a unique immersion between ancient history and contemporary cultural life.[\/vc_column_text]<div class=\"ult-spacer spacer-69e05bc193794\" data-id=\"69e05bc193794\" data-height=\"\" data-height-mobile=\"20\" data-height-tab=\"\" data-height-tab-portrait=\"\" data-height-mobile-landscape=\"\" style=\"clear:both;display:block;\"><\/div>[\/vc_column][vc_column width=&#8221;1\/3&#8243;]<div class=\"ult-spacer spacer-69e05bc1937b0\" data-id=\"69e05bc1937b0\" data-height=\"100\" data-height-mobile=\"50\" data-height-tab=\"\" data-height-tab-portrait=\"\" data-height-mobile-landscape=\"\" style=\"clear:both;display:block;\"><\/div>[vc_single_image image=&#8221;952&#8243; img_size=&#8221;900&#215;600&#8243; css=&#8221;.vc_custom_1771844841451{margin-bottom: 0px !important;}&#8221;]<div class=\"ult-spacer spacer-69e05bc1937cd\" data-id=\"69e05bc1937cd\" data-height=\"20\" data-height-mobile=\"20\" data-height-tab=\"20\" data-height-tab-portrait=\"\" data-height-mobile-landscape=\"\" style=\"clear:both;display:block;\"><\/div>[vc_custom_heading text=&#8221;The Ancient Theatre&#8221; use_theme_fonts=&#8221;yes&#8221; css=&#8221;&#8221;]<div class=\"ult-spacer spacer-69e05bc1937e8\" data-id=\"69e05bc1937e8\" data-height=\"20\" data-height-mobile=\"0\" data-height-tab=\"\" data-height-tab-portrait=\"\" data-height-mobile-landscape=\"\" style=\"clear:both;display:block;\"><\/div>[vc_column_text css=&#8221;.vc_custom_1770741741715{margin-bottom: 10px !important;}&#8221;]Built during Roman times, the Ancient Theatre reveals a majestic setting steeped in history. It continues to resonate with festivals and performances, blending exceptional heritage with artistic emotion in the heart of the city.[\/vc_column_text][\/vc_column][vc_column width=&#8221;1\/3&#8243;]<div class=\"ult-spacer spacer-69e05bc193803\" data-id=\"69e05bc193803\" data-height=\"100\" data-height-mobile=\"50\" data-height-tab=\"\" data-height-tab-portrait=\"\" data-height-mobile-landscape=\"\" style=\"clear:both;display:block;\"><\/div>[vc_single_image image=&#8221;819&#8243; img_size=&#8221;900&#215;600&#8243; css=&#8221;.vc_custom_1771770548998{margin-bottom: 0px !important;}&#8221;]<div class=\"ult-spacer spacer-69e05bc19381e\" data-id=\"69e05bc19381e\" data-height=\"20\" data-height-mobile=\"20\" data-height-tab=\"20\" data-height-tab-portrait=\"\" data-height-mobile-landscape=\"\" style=\"clear:both;display:block;\"><\/div>[vc_custom_heading text=&#8221;Les Alyscamps&#8221; use_theme_fonts=&#8221;yes&#8221; css=&#8221;&#8221;]<div class=\"ult-spacer spacer-69e05bc19383b\" data-id=\"69e05bc19383b\" data-height=\"20\" data-height-mobile=\"0\" data-height-tab=\"\" data-height-tab-portrait=\"\" data-height-mobile-landscape=\"\" style=\"clear:both;display:block;\"><\/div>[vc_column_text css=&#8221;.vc_custom_1771751162173{margin-bottom: 10px !important;}&#8221;]Once a Roman necropolis, Les Alyscamps offer a timeless walk among sarcophagi, tree-lined paths, and a peaceful atmosphere. Immortalized by Van Gogh, this historic site invites contemplation and leisurely strolls.[\/vc_column_text][\/vc_column][\/vc_row][vc_row full_width=&#8221;stretch_row_content&#8221;][vc_column width=&#8221;1\/3&#8243;]<div class=\"ult-spacer spacer-69e05bc193856\" data-id=\"69e05bc193856\" data-height=\"100\" data-height-mobile=\"50\" data-height-tab=\"\" data-height-tab-portrait=\"\" data-height-mobile-landscape=\"\" style=\"clear:both;display:block;\"><\/div>[vc_single_image image=&#8221;933&#8243; img_size=&#8221;900&#215;600&#8243; css=&#8221;.vc_custom_1770124142132{margin-bottom: 0px !important;}&#8221;]<div class=\"ult-spacer spacer-69e05bc19386e\" data-id=\"69e05bc19386e\" data-height=\"20\" data-height-mobile=\"20\" data-height-tab=\"20\" data-height-tab-portrait=\"\" data-height-mobile-landscape=\"\" style=\"clear:both;display:block;\"><\/div>[vc_custom_heading text=&#8221;LUMA Foundation&#8221; use_theme_fonts=&#8221;yes&#8221; css=&#8221;&#8221;]<div class=\"ult-spacer spacer-69e05bc193887\" data-id=\"69e05bc193887\" data-height=\"20\" data-height-mobile=\"0\" data-height-tab=\"\" data-height-tab-portrait=\"\" data-height-mobile-landscape=\"\" style=\"clear:both;display:block;\"><\/div>[vc_column_text css=&#8221;.vc_custom_1770741863012{margin-bottom: 10px !important;}&#8221;]A landmark of contemporary art, the LUMA Foundation has transformed former railway workshops into a bold creative hub. Its iconic tower, designed by Frank Gehry, engages in a dialogue with exhibitions, architecture, and landscaped spaces, offering a renewed perspective on Arles.[\/vc_column_text]<div class=\"ult-spacer spacer-69e05bc1938a6\" data-id=\"69e05bc1938a6\" data-height=\"100\" data-height-mobile=\"25\" data-height-tab=\"\" data-height-tab-portrait=\"\" data-height-mobile-landscape=\"\" style=\"clear:both;display:block;\"><\/div>[\/vc_column][vc_column width=&#8221;1\/3&#8243;]<div class=\"ult-spacer spacer-69e05bc1938be\" data-id=\"69e05bc1938be\" data-height=\"100\" data-height-mobile=\"50\" data-height-tab=\"\" data-height-tab-portrait=\"\" data-height-mobile-landscape=\"\" style=\"clear:both;display:block;\"><\/div>[vc_single_image image=&#8221;936&#8243; img_size=&#8221;900&#215;600&#8243; css=&#8221;.vc_custom_1771751209659{margin-bottom: 0px !important;}&#8221;]<div class=\"ult-spacer spacer-69e05bc1938d9\" data-id=\"69e05bc1938d9\" data-height=\"20\" data-height-mobile=\"20\" data-height-tab=\"20\" data-height-tab-portrait=\"\" data-height-mobile-landscape=\"\" style=\"clear:both;display:block;\"><\/div>[vc_custom_heading text=&#8221;The Camargue&#8221; use_theme_fonts=&#8221;yes&#8221; css=&#8221;&#8221;]<div class=\"ult-spacer spacer-69e05bc1938f1\" data-id=\"69e05bc1938f1\" data-height=\"20\" data-height-mobile=\"0\" data-height-tab=\"\" data-height-tab-portrait=\"\" data-height-mobile-landscape=\"\" style=\"clear:both;display:block;\"><\/div>[vc_column_text css=&#8221;.vc_custom_1770741881780{margin-bottom: 10px !important;}&#8221;]At the gates of Arles, the Camargue reveals vast, unspoiled landscapes. Lagoons, marshes, pink flamingos, horses, and bulls create a unique setting, ideal for a nature immersion between land, sky, and the Mediterranean Sea.[\/vc_column_text]<div class=\"ult-spacer spacer-69e05bc193909\" data-id=\"69e05bc193909\" data-height=\"100\" data-height-mobile=\"25\" data-height-tab=\"\" data-height-tab-portrait=\"\" data-height-mobile-landscape=\"\" style=\"clear:both;display:block;\"><\/div>[\/vc_column][vc_column width=&#8221;1\/3&#8243;]<div class=\"ult-spacer spacer-69e05bc193920\" data-id=\"69e05bc193920\" data-height=\"100\" data-height-mobile=\"50\" data-height-tab=\"\" data-height-tab-portrait=\"\" data-height-mobile-landscape=\"\" style=\"clear:both;display:block;\"><\/div>[vc_single_image image=&#8221;934&#8243; img_size=&#8221;900&#215;600&#8243; css=&#8221;.vc_custom_1771770354584{margin-bottom: 0px !important;}&#8221;]<div class=\"ult-spacer spacer-69e05bc193936\" data-id=\"69e05bc193936\" data-height=\"20\" data-height-mobile=\"20\" data-height-tab=\"20\" data-height-tab-portrait=\"\" data-height-mobile-landscape=\"\" style=\"clear:both;display:block;\"><\/div>[vc_custom_heading text=&#8221;Alpilles &amp; Baux-de-Provence&#8221; use_theme_fonts=&#8221;yes&#8221; css=&#8221;&#8221;]<div class=\"ult-spacer spacer-69e05bc19394e\" data-id=\"69e05bc19394e\" data-height=\"20\" data-height-mobile=\"0\" data-height-tab=\"\" data-height-tab-portrait=\"\" data-height-mobile-landscape=\"\" style=\"clear:both;display:block;\"><\/div>[vc_column_text css=&#8221;.vc_custom_1770742025998{margin-bottom: 10px !important;}&#8221;]Between limestone hills and hilltop villages, the Alpilles charm visitors with their sweeping views and gentle pace of life. Les Baux-de-Provence, a medieval gem, offer a rich blend of heritage, spectacular scenery, and Proven\u00e7al art de vivre.[\/vc_column_text]<div class=\"ult-spacer spacer-69e05bc193964\" data-id=\"69e05bc193964\" data-height=\"100\" data-height-mobile=\"50\" data-height-tab=\"\" data-height-tab-portrait=\"\" data-height-mobile-landscape=\"\" style=\"clear:both;display:block;\"><\/div>[\/vc_column][\/vc_row][vc_row full_width=&#8221;stretch_row_content_no_spaces&#8221;][vc_column]<div class=\"sbvcgmap-map-wrapper\" style=\"width:100%;height:400px\"><div class=\"sbvcgmap-map\" zoom=\"9\" maptype=\"ROADMAP\" panoramatogglebutton=\"no\" pancontrol=\"yes\" pancontrol_position=\"TOP_LEFT\" zoomcontrol=\"yes\" zoomcontrol_position=\"TOP_LEFT\" zoomcontrolstyle=\"DEFAULT\" maptypecontrol=\"no\" maptypecontrol_position=\"TOP_RIGHT\" streetviewcontrol=\"no\" streetviewcontrol_position=\"TOP_LEFT\" overviewmapcontrol=\"yes\" overviewmapcontrolvisible=\"no\" maptypecontrolstyle=\"DEFAULT\" mapstyle=\"style-32\" weather=\"no\" traffic=\"no\" transit=\"no\" bicycle=\"no\" panoramio=\"no\" draggable=\"yes\" scrollwheel=\"no\" cplatitude=\"43.677534718486\" cplongitude=\"4.6292558099576\" scalecontrol=\"yes\" searchtype=\"disabled\" searchradius=\"500\" searchiconanimation=\"NONE\" searchdirectiontext=\"\" reloadonresize=\"no\" clustering=\"no\" style=\"width:100%;height:400px\"><div class=\"sbvcgmap-marker\" data-lat=\"43.67760455396\" data-lng=\"4.6292343522863\" infowindow=\"no\" animation=\"NONE\" customstyles=\"no\" ><br \/><a target=\"_blank\" href=\"https:\/\/maps.google.com\/?daddr=43.67760455396,4.6292343522863\">Hotel Amphith\u00e9\u00e2tre<\/a><\/div><\/div><\/div>[\/vc_column][\/vc_row]<\/p>\n<\/div>","protected":false},"excerpt":{"rendered":"<p>[vc_row][vc_column width=&#8221;1\/6&#8243;][\/vc_column][vc_column width=&#8221;2\/3&#8243;][vc_custom_heading text=&#8221;Arles and Provence, an exceptional region&#8221; font_container=&#8221;tag:h1|text_align:center&#8221; use_theme_fonts=&#8221;yes&#8221; css=&#8221;&#8221;][vc_column_text css=&#8221;.vc_custom_1771325496864{margin-bottom: 10px !important;}&#8221;] A city of art and history, Arles and its surrounding region offer remarkable cultural and natural riches. From UNESCO-listed Roman monuments to iconic sites of contemporary creation, each place reveals a facet of Proven\u00e7al identity. Just steps from the historic&hellip;<\/p>\n","protected":false},"author":1,"featured_media":0,"parent":0,"menu_order":3,"comment_status":"closed","ping_status":"closed","template":"","meta":{"footnotes":""},"class_list":["post-731","page","type-page","status-publish","hentry","description-off"],"yoast_head":"<!-- This site is optimized with the Yoast SEO plugin v27.4 - https:\/\/yoast.com\/product\/yoast-seo-wordpress\/ -->\n<title>Must-See Sites - H\u00f4tel Amphith\u00e9\u00e2tre - H\u00f4tel de Charme Centre historique - Arles<\/title>\n<meta name=\"description\" content=\"From the H\u00f4tel de l\u2019Amphith\u00e9\u00e2tre, explore Arles on foot: the Arena, Ancient Theatre, museums, and UNESCO-listed sites are all just minutes away.\" \/>\n<meta name=\"robots\" content=\"index, follow, max-snippet:-1, max-image-preview:large, max-video-preview:-1\" \/>\n<link rel=\"canonical\" href=\"https:\/\/hotelamphitheatre.fr\/en\/must-see-sites\/\" \/>\n<meta property=\"og:locale\" content=\"en_US\" \/>\n<meta property=\"og:type\" content=\"article\" \/>\n<meta property=\"og:title\" content=\"Must-See Sites - H\u00f4tel Amphith\u00e9\u00e2tre - H\u00f4tel de Charme Centre historique - Arles\" \/>\n<meta property=\"og:description\" content=\"From the H\u00f4tel de l\u2019Amphith\u00e9\u00e2tre, explore Arles on foot: the Arena, Ancient Theatre, museums, and UNESCO-listed sites are all just minutes away.\" \/>\n<meta property=\"og:url\" content=\"https:\/\/hotelamphitheatre.fr\/en\/must-see-sites\/\" \/>\n<meta property=\"og:site_name\" content=\"H\u00f4tel Amphith\u00e9\u00e2tre - H\u00f4tel de Charme Centre historique - Arles\" \/>\n<meta property=\"article:publisher\" content=\"https:\/\/www.facebook.com\/hotel.amphitheatre.arles\" \/>\n<meta property=\"article:modified_time\" content=\"2026-02-23T11:07:26+00:00\" \/>\n<meta name=\"twitter:card\" content=\"summary_large_image\" \/>\n<meta name=\"twitter:label1\" content=\"Est. reading time\" \/>\n\t<meta name=\"twitter:data1\" content=\"4 minutes\" \/>\n<script type=\"application\/ld+json\" class=\"yoast-schema-graph\">{\"@context\":\"https:\\\/\\\/schema.org\",\"@graph\":[{\"@type\":\"WebPage\",\"@id\":\"https:\\\/\\\/hotelamphitheatre.fr\\\/en\\\/must-see-sites\\\/\",\"url\":\"https:\\\/\\\/hotelamphitheatre.fr\\\/en\\\/must-see-sites\\\/\",\"name\":\"Must-See Sites - H\u00f4tel Amphith\u00e9\u00e2tre - H\u00f4tel de Charme Centre historique - Arles\",\"isPartOf\":{\"@id\":\"https:\\\/\\\/hotelamphitheatre.fr\\\/#website\"},\"datePublished\":\"2026-01-30T16:14:01+00:00\",\"dateModified\":\"2026-02-23T11:07:26+00:00\",\"description\":\"From the H\u00f4tel de l\u2019Amphith\u00e9\u00e2tre, explore Arles on foot: the Arena, Ancient Theatre, museums, and UNESCO-listed sites are all just minutes away.\",\"breadcrumb\":{\"@id\":\"https:\\\/\\\/hotelamphitheatre.fr\\\/en\\\/must-see-sites\\\/#breadcrumb\"},\"inLanguage\":\"en-US\",\"potentialAction\":[{\"@type\":\"ReadAction\",\"target\":[\"https:\\\/\\\/hotelamphitheatre.fr\\\/en\\\/must-see-sites\\\/\"]}]},{\"@type\":\"BreadcrumbList\",\"@id\":\"https:\\\/\\\/hotelamphitheatre.fr\\\/en\\\/must-see-sites\\\/#breadcrumb\",\"itemListElement\":[{\"@type\":\"ListItem\",\"position\":1,\"name\":\"Accueil\",\"item\":\"https:\\\/\\\/hotelamphitheatre.fr\\\/en\\\/\"},{\"@type\":\"ListItem\",\"position\":2,\"name\":\"Must-See Sites\"}]},{\"@type\":\"WebSite\",\"@id\":\"https:\\\/\\\/hotelamphitheatre.fr\\\/#website\",\"url\":\"https:\\\/\\\/hotelamphitheatre.fr\\\/\",\"name\":\"H\u00f4tel Amphith\u00e9\u00e2tre - H\u00f4tel de Charme Centre historique - Arles\",\"description\":\"Un Site d\u00e9velopp\u00e9 par PMT Hotels\",\"publisher\":{\"@id\":\"https:\\\/\\\/hotelamphitheatre.fr\\\/#organization\"},\"alternateName\":\"H\u00f4tel de l'Amphith\u00e9\u00e2tre - Arles\",\"potentialAction\":[{\"@type\":\"SearchAction\",\"target\":{\"@type\":\"EntryPoint\",\"urlTemplate\":\"https:\\\/\\\/hotelamphitheatre.fr\\\/?s={search_term_string}\"},\"query-input\":{\"@type\":\"PropertyValueSpecification\",\"valueRequired\":true,\"valueName\":\"search_term_string\"}}],\"inLanguage\":\"en-US\"},{\"@type\":\"Organization\",\"@id\":\"https:\\\/\\\/hotelamphitheatre.fr\\\/#organization\",\"name\":\"H\u00f4tel Amphith\u00e9\u00e2tre Arles\",\"url\":\"https:\\\/\\\/hotelamphitheatre.fr\\\/\",\"logo\":{\"@type\":\"ImageObject\",\"inLanguage\":\"en-US\",\"@id\":\"https:\\\/\\\/hotelamphitheatre.fr\\\/#\\\/schema\\\/logo\\\/image\\\/\",\"url\":\"https:\\\/\\\/amphitheatre.pmthotels.com\\\/wp-content\\\/uploads\\\/2025\\\/11\\\/Logo-hotel-amphitheatre-arles-600.png\",\"contentUrl\":\"https:\\\/\\\/amphitheatre.pmthotels.com\\\/wp-content\\\/uploads\\\/2025\\\/11\\\/Logo-hotel-amphitheatre-arles-600.png\",\"width\":600,\"height\":165,\"caption\":\"H\u00f4tel Amphith\u00e9\u00e2tre Arles\"},\"image\":{\"@id\":\"https:\\\/\\\/hotelamphitheatre.fr\\\/#\\\/schema\\\/logo\\\/image\\\/\"},\"sameAs\":[\"https:\\\/\\\/www.facebook.com\\\/hotel.amphitheatre.arles\",\"https:\\\/\\\/www.instagram.com\\\/hotel.amphitheatre.arles\\\/\",\"https:\\\/\\\/fr.linkedin.com\\\/company\\\/hotel-de-l'amphitheatre\"]}]}<\/script>\n<!-- \/ Yoast SEO plugin. -->","yoast_head_json":{"title":"Must-See Sites - H\u00f4tel Amphith\u00e9\u00e2tre - H\u00f4tel de Charme Centre historique - Arles","description":"From the H\u00f4tel de l\u2019Amphith\u00e9\u00e2tre, explore Arles on foot: the Arena, Ancient Theatre, museums, and UNESCO-listed sites are all just minutes away.","robots":{"index":"index","follow":"follow","max-snippet":"max-snippet:-1","max-image-preview":"max-image-preview:large","max-video-preview":"max-video-preview:-1"},"canonical":"https:\/\/hotelamphitheatre.fr\/en\/must-see-sites\/","og_locale":"en_US","og_type":"article","og_title":"Must-See Sites - H\u00f4tel Amphith\u00e9\u00e2tre - H\u00f4tel de Charme Centre historique - Arles","og_description":"From the H\u00f4tel de l\u2019Amphith\u00e9\u00e2tre, explore Arles on foot: the Arena, Ancient Theatre, museums, and UNESCO-listed sites are all just minutes away.","og_url":"https:\/\/hotelamphitheatre.fr\/en\/must-see-sites\/","og_site_name":"H\u00f4tel Amphith\u00e9\u00e2tre - H\u00f4tel de Charme Centre historique - Arles","article_publisher":"https:\/\/www.facebook.com\/hotel.amphitheatre.arles","article_modified_time":"2026-02-23T11:07:26+00:00","twitter_card":"summary_large_image","twitter_misc":{"Est. reading time":"4 minutes"},"schema":{"@context":"https:\/\/schema.org","@graph":[{"@type":"WebPage","@id":"https:\/\/hotelamphitheatre.fr\/en\/must-see-sites\/","url":"https:\/\/hotelamphitheatre.fr\/en\/must-see-sites\/","name":"Must-See Sites - H\u00f4tel Amphith\u00e9\u00e2tre - H\u00f4tel de Charme Centre historique - Arles","isPartOf":{"@id":"https:\/\/hotelamphitheatre.fr\/#website"},"datePublished":"2026-01-30T16:14:01+00:00","dateModified":"2026-02-23T11:07:26+00:00","description":"From the H\u00f4tel de l\u2019Amphith\u00e9\u00e2tre, explore Arles on foot: the Arena, Ancient Theatre, museums, and UNESCO-listed sites are all just minutes away.","breadcrumb":{"@id":"https:\/\/hotelamphitheatre.fr\/en\/must-see-sites\/#breadcrumb"},"inLanguage":"en-US","potentialAction":[{"@type":"ReadAction","target":["https:\/\/hotelamphitheatre.fr\/en\/must-see-sites\/"]}]},{"@type":"BreadcrumbList","@id":"https:\/\/hotelamphitheatre.fr\/en\/must-see-sites\/#breadcrumb","itemListElement":[{"@type":"ListItem","position":1,"name":"Accueil","item":"https:\/\/hotelamphitheatre.fr\/en\/"},{"@type":"ListItem","position":2,"name":"Must-See Sites"}]},{"@type":"WebSite","@id":"https:\/\/hotelamphitheatre.fr\/#website","url":"https:\/\/hotelamphitheatre.fr\/","name":"H\u00f4tel Amphith\u00e9\u00e2tre - H\u00f4tel de Charme Centre historique - Arles","description":"Un Site d\u00e9velopp\u00e9 par PMT Hotels","publisher":{"@id":"https:\/\/hotelamphitheatre.fr\/#organization"},"alternateName":"H\u00f4tel de l'Amphith\u00e9\u00e2tre - Arles","potentialAction":[{"@type":"SearchAction","target":{"@type":"EntryPoint","urlTemplate":"https:\/\/hotelamphitheatre.fr\/?s={search_term_string}"},"query-input":{"@type":"PropertyValueSpecification","valueRequired":true,"valueName":"search_term_string"}}],"inLanguage":"en-US"},{"@type":"Organization","@id":"https:\/\/hotelamphitheatre.fr\/#organization","name":"H\u00f4tel Amphith\u00e9\u00e2tre Arles","url":"https:\/\/hotelamphitheatre.fr\/","logo":{"@type":"ImageObject","inLanguage":"en-US","@id":"https:\/\/hotelamphitheatre.fr\/#\/schema\/logo\/image\/","url":"https:\/\/amphitheatre.pmthotels.com\/wp-content\/uploads\/2025\/11\/Logo-hotel-amphitheatre-arles-600.png","contentUrl":"https:\/\/amphitheatre.pmthotels.com\/wp-content\/uploads\/2025\/11\/Logo-hotel-amphitheatre-arles-600.png","width":600,"height":165,"caption":"H\u00f4tel Amphith\u00e9\u00e2tre Arles"},"image":{"@id":"https:\/\/hotelamphitheatre.fr\/#\/schema\/logo\/image\/"},"sameAs":["https:\/\/www.facebook.com\/hotel.amphitheatre.arles","https:\/\/www.instagram.com\/hotel.amphitheatre.arles\/","https:\/\/fr.linkedin.com\/company\/hotel-de-l'amphitheatre"]}]}},"_links":{"self":[{"href":"https:\/\/hotelamphitheatre.fr\/en\/wp-json\/wp\/v2\/pages\/731","targetHints":{"allow":["GET"]}}],"collection":[{"href":"https:\/\/hotelamphitheatre.fr\/en\/wp-json\/wp\/v2\/pages"}],"about":[{"href":"https:\/\/hotelamphitheatre.fr\/en\/wp-json\/wp\/v2\/types\/page"}],"author":[{"embeddable":true,"href":"https:\/\/hotelamphitheatre.fr\/en\/wp-json\/wp\/v2\/users\/1"}],"replies":[{"embeddable":true,"href":"https:\/\/hotelamphitheatre.fr\/en\/wp-json\/wp\/v2\/comments?post=731"}],"version-history":[{"count":20,"href":"https:\/\/hotelamphitheatre.fr\/en\/wp-json\/wp\/v2\/pages\/731\/revisions"}],"predecessor-version":[{"id":954,"href":"https:\/\/hotelamphitheatre.fr\/en\/wp-json\/wp\/v2\/pages\/731\/revisions\/954"}],"wp:attachment":[{"href":"https:\/\/hotelamphitheatre.fr\/en\/wp-json\/wp\/v2\/media?parent=731"}],"curies":[{"name":"wp","href":"https:\/\/api.w.org\/{rel}","templated":true}]}}